{"id":6376,"date":"2016-10-05T17:06:02","date_gmt":"2016-10-05T17:06:02","guid":{"rendered":"http:\/\/wpd.vcj.mybluehost.me\/website_77324ab6\/home\/"},"modified":"2021-03-06T20:42:24","modified_gmt":"2021-03-07T01:42:24","slug":"home","status":"publish","type":"page","link":"https:\/\/ergotherma.com\/fr\/","title":{"rendered":"Home"},"content":{"rendered":"<!--themify_builder_content-->\n<div id=\"themify_builder_content-6376\" data-postid=\"6376\" class=\"themify_builder_content themify_builder_content-6376 themify_builder tf_clear\">\n    \t<!-- module_row -->\n\t<div  data-css_id=\"b2f960b\" data-lazy=\"1\" class=\"module_row themify_builder_row fullcover fullwidth tb_b2f960b tb_first tf_clearfix hide-mobile\" >\n\t    <div class=\"tf_abs builder_row_cover\"><\/div>\t\t<div class=\"row_inner col_align_top tf_box tf_w tf_rel\">\n\t\t\t<div  data-lazy=\"1\" class=\"module_column tb-column col-full first tb_22b4b81 tf_box\">\n\t    \t    \t        <div class=\"tb-column-inner tf_box tf_w\">\n\t\t    <!-- module text -->\n<div  class=\"module module-text tb_d426cff  repeat \" data-lazy=\"1\">\n        <div  class=\"tb_text_wrap\">\n    <h1><strong>Feeling cold at the office ?<\/strong><\/h1>\n<h5>Stay warm all day with Ergotherma&#8217;s under desk heater<\/h5>    <\/div>\n<\/div>\n<!-- \/module text --><!-- module buttons -->\n<div  class=\"module module-buttons tb_75fded0 buttons-horizontal rounded  large rounded\" data-lazy=\"1\">\n    \t<div class=\"module-buttons-item tf_inline_b\">\n\t\t\t\t\t\t\t<a href=\"#learnmore\" class=\"ui builder_button red\" >\n\t\t\t\t\t\t\t\t\t\t\t<span class=\"tf_inline_b tf_vmiddle\">Learn More<\/span>\n\t\t\t\t\t\t\t\t\t\t\t<\/a>\n\t\t\t    \t<\/div>\n\t<\/div>\n<!-- \/module buttons -->\n\t        <\/div>\n\t    \t<\/div>\n\t\t    <\/div>\n\t    <!-- \/row_inner -->\n\t<\/div>\n\t<!-- \/module_row -->\n\t\t<!-- module_row -->\n\t<div  data-css_id=\"0fca9bb\" data-lazy=\"1\" class=\"module_row themify_builder_row fullcover fullheight fullwidth tb_0fca9bb tf_clearfix hide-desktop hide-tablet\" >\n\t    <div class=\"tf_abs builder_row_cover\"><\/div>\t\t<div class=\"row_inner col_align_top tf_box tf_w tf_rel\">\n\t\t\t<div  data-lazy=\"1\" class=\"module_column tb-column col-full first tb_1d234d7 tf_box\">\n\t    \t    \t        <div class=\"tb-column-inner tf_box tf_w\">\n\t\t    <!-- module text -->\n<div  class=\"module module-text tb_23eee69  repeat \" data-lazy=\"1\">\n        <div  class=\"tb_text_wrap\">\n    <h1><strong>Feeling cold at the office ?<\/strong><\/h1>\n<h5>Stay warm all day with Ergotherma&#8217;s under desk heater<\/h5>    <\/div>\n<\/div>\n<!-- \/module text --><!-- module buttons -->\n<div  class=\"module module-buttons tb_dc9d45c buttons-horizontal rounded  large rounded\" data-lazy=\"1\">\n    \t<div class=\"module-buttons-item tf_inline_b\">\n\t\t\t\t\t\t\t<a href=\"#learnmore\" class=\"ui builder_button red\" >\n\t\t\t\t\t\t\t\t\t\t\t<span class=\"tf_inline_b tf_vmiddle\">Learn More<\/span>\n\t\t\t\t\t\t\t\t\t\t\t<\/a>\n\t\t\t    \t<\/div>\n\t<\/div>\n<!-- \/module buttons -->\n\t        <\/div>\n\t    \t<\/div>\n\t\t    <\/div>\n\t    <!-- \/row_inner -->\n\t<\/div>\n\t<!-- \/module_row -->\n\t\t<!-- module_row -->\n\t<div  data-css_id=\"0fb01d6\" data-lazy=\"1\" class=\"module_row themify_builder_row fullwidth tb_0fb01d6 tf_clearfix\" >\n\t    \t\t<div class=\"row_inner col_align_top tf_box tf_w tf_rel\">\n\t\t\t<div  data-lazy=\"1\" class=\"module_column tb-column col-full first tb_ae1440a tf_box\">\n\t    \t    \t<\/div>\n\t\t    <\/div>\n\t    <!-- \/row_inner -->\n\t<\/div>\n\t<!-- \/module_row -->\n\t\t<!-- module_row -->\n\t<div  data-anchor=\"learnmore\" data-css_id=\"59886ab\" data-lazy=\"1\" class=\"module_row themify_builder_row repeat fullwidth tb_has_section tb_section-learnmore tb_59886ab tf_clearfix\" >\n\t    \t\t<div class=\"row_inner col_align_top tf_box tf_w tf_rel\">\n\t\t\t<div  data-lazy=\"1\" class=\"module_column tb-column col-full first tb_cf4d1b7 tf_box\">\n\t    \t    \t        <div class=\"tb-column-inner tf_box tf_w\">\n\t\t    <!-- module text -->\n<div  class=\"module module-text tb_37de22a   \" data-lazy=\"1\">\n        <div  class=\"tb_text_wrap\">\n    <h2 style=\"text-align: center;\">Stay warm without sacrificing your neighbours\u2019 comfort.<\/h2>    <\/div>\n<\/div>\n<!-- \/module text -->\t<div  data-lazy=\"1\" class=\"module_subrow themify_builder_sub_row tb_0db08be tf_w tf_clearfix\">\n\t    \t\t<div class=\"subrow_inner gutter-narrow col_align_top tf_box tf_w\">\n\t\t\t<div  data-lazy=\"1\" class=\"sub_column module_column tf_box col4-2 first tb_1b4a7e4\"> \n\t    \t    \t        <div class=\"tb-column-inner tf_box tf_w\">\n\t\t    <!-- module image -->\n<div  class=\"module module-image tb_cba101b   image-right tf_mw\" data-lazy=\"1\">\n        <div class=\"image-wrap tf_rel tf_mw\">\n\t\t    <img loading=\"lazy\" decoding=\"async\" src=\"https:\/\/www.ergotherma.com\/wp-content\/uploads\/2019\/02\/BureauHot-Mobile.jpg\" width=\"400\" height=\"380\" title=\"Home\" alt=\"Home\">\t\n\t\t<\/div>\n\t<!-- \/image-wrap -->\n    \n    \t<\/div>\n<!-- \/module image -->\t        <\/div>\n\t    \t<\/div>\n\t\t<div  data-lazy=\"1\" class=\"sub_column module_column tf_box col4-2 last tb_4b216d3\"> \n\t    \t    \t        <div class=\"tb-column-inner tf_box tf_w\">\n\t\t    \n\t<div  id=\"tb_9f7e605\" class=\"module woocommerce module-products tb_9f7e605 \" data-lazy=\"1\">\n\t\t\t\t\t<div  data-visible=\"1\" data-tbreakpoints=\"1024\" data-mob-visible=\"0\" data-mbreakpoints=\"480\" data-scroll=\"1\" data-speed=\"1\" data-wrapvar=\"1\" data-slider_nav=\"1\" data-pager=\"1\" data-effect=\"scroll\" data-height=\"variable\" data-css_url=\"https:\/\/ergotherma.com\/wp-content\/plugins\/builder-woocommerce\/assets\/modules\/slider.css\" class=\"loops-wrapper products wc-products tf_swiper-container tf_carousel tf_rel tf_overflow slider-agency classic tf_clearfix\" data-lazy=\"1\">\n\t\t\t\t\t\t\t<ul class=\"tf_swiper-wrapper tf_lazy tf_rel tf_w tf_h\">\n\t\t\t\t\t\t\t\t\t\t\t\t\t\t<li class=\"post tf_swiper-slide slide-wrap tf_lazy has-post-title has-post-date no-post-category no-post-tag has-post-comment has-post-author product type-product post-6343 status-publish instock product_cat-uncategorized has-post-thumbnail taxable shipping-taxable purchasable product-type-simple\">\n\t\t\t\t\t\t\t\t\t\t\t\t\t\t\t<div class=\"slide-inner-wrap\">\n\t\t\t\t\t\t\t\t\t\t\t\t\t\t\t\n\t\t\t\t\t\t\t\t\n\t\t\t\t\t\t\t\t<div class=\"post-content\">\n\t\t\t\t\t\t\t\t\t\t\t\t\t\t\t\t\t\t\n\t\t\t\t\t\t\t\t\t\t\t\t\t\t\t\t\t\t\t\t\t\t\t\t\t\t\t\t<h3 class=\"woocommerce-loop-product__title\">\n\t\t\t\t\t\t\t\t\t\t\t\t\t\t\t\t\t\t\t\t\t\t\t<a href=\"https:\/\/ergotherma.com\/fr\/product\/appareil-de-chauffage-personnel-de-bureau\/\" title=\"Appareil de chauffage personnel de bureau\">\n\t\t\t\t\t\t\t\t\t\t\t\t\n\t\t\t\t\t\t\t\t\t\t\t\tAppareil de chauffage personnel de bureau\n\t\t\t\t\t\t\t\t\t\t\t\t\t\t\t\t\t\t\t\t\t\t\t\t<\/a>\n\t\t\t\t\t\t\t\t\t\t\t\t\t\t\t\t\t\t\t\t\t<\/h3>\n\t\t\t\t\t\t\t\t\t  \n\n\t\t\t\t\t\t\t\t\t\n\t<span class=\"price\"><span class=\"woocommerce-Price-amount amount\"><bdi><span class=\"woocommerce-Price-currencySymbol\">&#36;<\/span>139.99<\/bdi><\/span><\/span>\n<p class=\"add-to-cart-button\"><a href=\"?add-to-cart=6343\" aria-describedby=\"woocommerce_loop_add_to_cart_link_describedby_6343\" data-quantity=\"1\" class=\"button product_type_simple add_to_cart_button ajax_add_to_cart\" data-product_id=\"6343\" data-product_sku=\"CAM12\" aria-label=\"Ajouter au panier\u00a0: &ldquo;Appareil de chauffage personnel de bureau&rdquo;\" rel=\"nofollow\" data-success_message=\"\u00ab\u00a0Appareil de chauffage personnel de bureau\u00a0\u00bb a \u00e9t\u00e9 ajout\u00e9 \u00e0 votre panier\">Ajouter au panier<\/a>\t<span id=\"woocommerce_loop_add_to_cart_link_describedby_6343\" class=\"screen-reader-text\">\n\t\t\t<\/span>\n<\/p>\t\t\t\t\t\t\t\t<\/div>\n\t\t\t\t\t\t\t\t\t\t\t\t\t<\/div>\n\t\t\t\t\t\t\t\t\t\t\t\t<\/li>\n\t\t\t\t\t\t\t\t\t\t\t\t\t\t<\/ul>\n\t\t\t\t\t\t<\/div>\n\t\t\t\t<\/div>\n\t<!-- module text -->\n<div  class=\"module module-text tb_332eb36  repeat \" data-lazy=\"1\">\n        <div  class=\"tb_text_wrap\">\n    <ul>\n<li><strong>100 % silent<\/strong>, perfect for a peaceful work environment.<\/li>\n<li>Uses only <strong>85W to 135W<\/strong> compared to 1500W conventional block heaters.\u00a0<\/li>\n<li><strong>Quick installation<\/strong> : under 5 minutes.<\/li>\n<li><strong>Thermal protection<\/strong> : internal auto shut off.\u00a0<\/li>\n<li><strong>No Fire Hazards<\/strong> : Risk free.<\/li>\n<li>UL (<strong>Usa and Canada<\/strong>) approved.<\/li>\n<li><strong>3 Year Warranty<\/strong> and <strong>30 day<\/strong>\u00a0Money Back Guarantee.<\/li>\n<\/ul>    <\/div>\n<\/div>\n<!-- \/module text -->\t        <\/div>\n\t    \t<\/div>\n\t\t    <\/div>\n\t<\/div><!-- \/themify_builder_sub_row -->\n\t\t        <\/div>\n\t    \t<\/div>\n\t\t    <\/div>\n\t    <!-- \/row_inner -->\n\t<\/div>\n\t<!-- \/module_row -->\n\t\t<!-- module_row -->\n\t<div  data-lazy=\"1\" class=\"module_row themify_builder_row repeat tb_783674e tf_clearfix\" >\n\t    \t\t\t\t\t\t<div class=\"tf_abs tf_hide tb_row_frame tb_row_frame_top \"><\/div>\n\t\t\t\t\t\t\t\t<div class=\"row_inner col_align_top tf_box tf_w tf_rel\">\n\t\t\t<div  data-lazy=\"1\" class=\"module_column tb-column col-full first tb_85e5773 tf_box\">\n\t    \t    \t        <div class=\"tb-column-inner tf_box tf_w\">\n\t\t    <!-- module box -->\n<div  class=\"module module-box tb_7e53a6c  wow\" data-tf-animation=\"bounceInLeft\" data-lazy=\"1\">\n        <div class=\"module-box-content ui  orange repeat\">\n\t\t\t\t<div class=\"tb_text_wrap\"><h2 style=\"text-align: center;\"><strong>Revolutionary Heating System<\/strong><\/h2><\/div>\n    <\/div>\n<\/div>\n<!-- \/module box -->\n<!-- module video -->\n<div  class=\"module module-video tb_db04f14 video-top  \" data-lazy=\"1\" data-url=\"https:\/\/youtu.be\/hBMd56jP_ZA\">\n    \t\t\t\t<div class=\"video-wrap-outer\">\n\t\t\t<div class=\"video-wrap tf_rel tf_overflow\">\n\t\t\t\t\t\t\t<\/div>\n\t\t\t<!-- \/video-wrap -->\n\t\t<\/div>\n\t\t<!-- \/video-wrap-outer -->\n\t\t\t<\/div>\n\t        <\/div>\n\t    \t<\/div>\n\t\t    <\/div>\n\t    <!-- \/row_inner -->\n\t<\/div>\n\t<!-- \/module_row -->\n\t\t<!-- module_row -->\n\t<div  data-lazy=\"1\" class=\"module_row themify_builder_row repeat tb_b40e0f3 tf_clearfix\" >\n\t    \t\t<div class=\"row_inner col_align_top tf_box tf_w tf_rel\">\n\t\t\t<div  data-lazy=\"1\" class=\"module_column tb-column col4-2 first tb_10cb401 tf_box\">\n\t    \t    \t        <div class=\"tb-column-inner tf_box tf_w\">\n\t\t    <!-- module text -->\n<div  class=\"module module-text tb_76d31e0   \" data-lazy=\"1\">\n        <div  class=\"tb_text_wrap\">\n    <h1 style=\"text-align: center;\">Testimony<\/h1>    <\/div>\n<\/div>\n<!-- \/module text --><!-- module image -->\n<div  class=\"module module-image tb_dd6f017 circle  image-center tf_mw wow\" data-tf-animation=\"fadeInRight\" data-lazy=\"1\">\n        <div class=\"image-wrap tf_rel tf_mw\">\n\t\t    <img loading=\"lazy\" decoding=\"async\" src=\"https:\/\/www.ergotherma.com\/wp-content\/uploads\/2017\/09\/NathalieB2.jpg\" width=\"512\" height=\"512\" title=\"&lt;b&gt;THE BEST INVESTMENT SO FAR !&lt;\/b&gt;\" alt=\"\u201cIt\u2019s not a heater, as it doesn\u2019t heat the entire space, but it keeps my lower body and desk surface at the right temperature \u2014 nothing feels cold anymore. I strongly recommend it and can\u2019t wait to use it in the winter as well!\u201d \u2013 Nathalie B. Montreal, Canada\">\t\n\t\t<\/div>\n\t<!-- \/image-wrap -->\n    \n    \t<div class=\"image-content\">\n\t    \t\t\t<h3 class=\"image-title\">\n\t\t\t\t\t\t\t\t\t<b>THE BEST INVESTMENT SO FAR !<\/b>\t\t\t\t\t\t\t<\/h3>\n\t    \n\t    \t\t<div class=\"image-caption tb_text_wrap\">\n\t\t    \u201cIt\u2019s not a heater, as it doesn\u2019t heat the entire space, but it keeps my lower body and desk surface at the right temperature \u2014 nothing feels cold anymore. I strongly recommend it and can\u2019t wait to use it in the winter as well!\u201d \u2013 <i>Nathalie B. Montreal, Canada<\/i>\t    <\/div>\n\t    <!-- \/image-caption -->\n\t    \t<\/div>\n\t<!-- \/image-content -->\n    \t<\/div>\n<!-- \/module image -->\t        <\/div>\n\t    \t<\/div>\n\t\t<div  data-lazy=\"1\" class=\"module_column tb-column col4-2 last tb_8962c11 tf_box\">\n\t    \t    \t        <div class=\"tb-column-inner tf_box tf_w\">\n\t\t    <!-- module text -->\n<div  class=\"module module-text tb_0334df3  repeat \" data-lazy=\"1\">\n        <div  class=\"tb_text_wrap\">\n    <h4 style=\"text-align: center;\">Get in touch with us<\/h4>    <\/div>\n<\/div>\n<!-- \/module text -->\t        <\/div>\n\t    \t<\/div>\n\t\t    <\/div>\n\t    <!-- \/row_inner -->\n\t<\/div>\n\t<!-- \/module_row -->\n\t<\/div>\n<!--\/themify_builder_content-->\n<p>&nbsp;<\/p>","protected":false},"excerpt":{"rendered":"<p>Feeling cold at the office ? Stay warm all day with Ergotherma&#8217;s under desk heater Learn More Feeling cold at the office ? Stay warm all day with Ergotherma&#8217;s under desk heater Learn More Stay warm without sacrificing your neighbours\u2019 comfort. Appareil de chauffage personnel de bureau &#36;139.99 Ajouter au panier 100 % silent, perfect [&hellip;]<\/p>\n","protected":false},"author":1,"featured_media":0,"parent":0,"menu_order":0,"comment_status":"closed","ping_status":"closed","template":"","meta":{"_monsterinsights_skip_tracking":false,"_monsterinsights_sitenote_active":false,"_monsterinsights_sitenote_note":"","_monsterinsights_sitenote_category":0,"footnotes":""},"class_list":["post-6376","page","type-page","status-publish","hentry","has-post-title","has-post-date","has-post-category","has-post-tag","has-post-comment","has-post-author",""],"yoast_head":"<!-- This site is optimized with the Yoast SEO plugin v26.9 - https:\/\/yoast.com\/product\/yoast-seo-wordpress\/ -->\n<title>Under Desk Heater, 100% Silent, Safe and Energy Saver only 85Watts.<\/title>\n<meta name=\"description\" content=\"Feeling cold at the Office ? Ergotherma:The Premiere 45-Degree Angle Infrared Desk Heater. 3-YEAR WARRANTY - 30-Day money-back guarantee &amp; SHIPPING only 15$\" \/>\n<meta name=\"robots\" content=\"index, follow, max-snippet:-1, max-image-preview:large, max-video-preview:-1\" \/>\n<link rel=\"canonical\" href=\"https:\/\/ergotherma.com\/\" \/>\n<meta property=\"og:locale\" content=\"fr_FR\" \/>\n<meta property=\"og:type\" content=\"article\" \/>\n<meta property=\"og:title\" content=\"Feeling cold at the Office ?\" \/>\n<meta property=\"og:description\" content=\"Ergotherma:The Premiere 45-Degree Angle Infrared Desk Heater. 3-YEAR WARRANTY - 30-Day money-back guarantee &amp; SHIPPING only 15$\" \/>\n<meta property=\"og:url\" content=\"https:\/\/ergotherma.com\/\" \/>\n<meta property=\"og:site_name\" content=\"Ergotherma.com\" \/>\n<meta property=\"article:publisher\" content=\"https:\/\/www.facebook.com\/Ergotherma\/\" \/>\n<meta property=\"article:modified_time\" content=\"2021-03-07T01:42:24+00:00\" \/>\n<meta property=\"og:image\" content=\"https:\/\/ergotherma.com\/wp-content\/uploads\/2016\/10\/FeelingColdFB.jpg\" \/>\n\t<meta property=\"og:image:width\" content=\"1284\" \/>\n\t<meta property=\"og:image:height\" content=\"724\" \/>\n\t<meta property=\"og:image:type\" content=\"image\/jpeg\" \/>\n<meta name=\"twitter:card\" content=\"summary_large_image\" \/>\n<meta name=\"twitter:title\" content=\"Feeling cold at the Office ?\" \/>\n<meta name=\"twitter:description\" content=\"Ergotherma:The Premiere 45-Degree Angle Infrared Desk Heater. 3-YEAR WARRANTY - 30-Day money-back guarantee &amp; SHIPPING only 15$\" \/>\n<meta name=\"twitter:image\" content=\"https:\/\/wpd.vcj.mybluehost.me\/website_77324ab6\/wp-content\/uploads\/2016\/10\/FeelingColdFB.jpg\" \/>\n<meta name=\"twitter:site\" content=\"@camouflageHeat\" \/>\n<meta name=\"twitter:label1\" content=\"Dur\u00e9e de lecture estim\u00e9e\" \/>\n\t<meta name=\"twitter:data1\" content=\"1 minute\" \/>\n<script type=\"application\/ld+json\" class=\"yoast-schema-graph\">{\"@context\":\"https:\/\/schema.org\",\"@graph\":[{\"@type\":\"WebPage\",\"@id\":\"https:\/\/ergotherma.com\/\",\"url\":\"https:\/\/ergotherma.com\/\",\"name\":\"Under Desk Heater, 100% Silent, Safe and Energy Saver only 85Watts.\",\"isPartOf\":{\"@id\":\"https:\/\/ergotherma.com\/#website\"},\"primaryImageOfPage\":{\"@id\":\"https:\/\/ergotherma.com\/#primaryimage\"},\"image\":{\"@id\":\"https:\/\/ergotherma.com\/#primaryimage\"},\"thumbnailUrl\":\"https:\/\/wpd.vcj.mybluehost.me\/website_77324ab6\/wp-content\/uploads\/2019\/02\/BureauHot-Mobile.jpg\",\"datePublished\":\"2016-10-05T17:06:02+00:00\",\"dateModified\":\"2021-03-07T01:42:24+00:00\",\"description\":\"Feeling cold at the Office ? Ergotherma:The Premiere 45-Degree Angle Infrared Desk Heater. 3-YEAR WARRANTY - 30-Day money-back guarantee & SHIPPING only 15$\",\"breadcrumb\":{\"@id\":\"https:\/\/ergotherma.com\/#breadcrumb\"},\"inLanguage\":\"fr-FR\",\"potentialAction\":[{\"@type\":\"ReadAction\",\"target\":[\"https:\/\/ergotherma.com\/\"]}]},{\"@type\":\"ImageObject\",\"inLanguage\":\"fr-FR\",\"@id\":\"https:\/\/ergotherma.com\/#primaryimage\",\"url\":\"https:\/\/wpd.vcj.mybluehost.me\/website_77324ab6\/wp-content\/uploads\/2019\/02\/BureauHot-Mobile.jpg\",\"contentUrl\":\"https:\/\/wpd.vcj.mybluehost.me\/website_77324ab6\/wp-content\/uploads\/2019\/02\/BureauHot-Mobile.jpg\"},{\"@type\":\"BreadcrumbList\",\"@id\":\"https:\/\/ergotherma.com\/#breadcrumb\",\"itemListElement\":[{\"@type\":\"ListItem\",\"position\":1,\"name\":\"Home\",\"item\":\"https:\/\/ergotherma.com\/\"},{\"@type\":\"ListItem\",\"position\":2,\"name\":\"Home\"}]},{\"@type\":\"WebSite\",\"@id\":\"https:\/\/ergotherma.com\/#website\",\"url\":\"https:\/\/ergotherma.com\/\",\"name\":\"Ergotherma.com\",\"description\":\"PERSONAL RADIANT HEATER FOR THE OFFICE\",\"potentialAction\":[{\"@type\":\"SearchAction\",\"target\":{\"@type\":\"EntryPoint\",\"urlTemplate\":\"https:\/\/ergotherma.com\/?s={search_term_string}\"},\"query-input\":{\"@type\":\"PropertyValueSpecification\",\"valueRequired\":true,\"valueName\":\"search_term_string\"}}],\"inLanguage\":\"fr-FR\"}]}<\/script>\n<!-- \/ Yoast SEO plugin. -->","yoast_head_json":{"title":"Under Desk Heater, 100% Silent, Safe and Energy Saver only 85Watts.","description":"Feeling cold at the Office ? Ergotherma:The Premiere 45-Degree Angle Infrared Desk Heater. 3-YEAR WARRANTY - 30-Day money-back guarantee & SHIPPING only 15$","robots":{"index":"index","follow":"follow","max-snippet":"max-snippet:-1","max-image-preview":"max-image-preview:large","max-video-preview":"max-video-preview:-1"},"canonical":"https:\/\/ergotherma.com\/","og_locale":"fr_FR","og_type":"article","og_title":"Feeling cold at the Office ?","og_description":"Ergotherma:The Premiere 45-Degree Angle Infrared Desk Heater. 3-YEAR WARRANTY - 30-Day money-back guarantee & SHIPPING only 15$","og_url":"https:\/\/ergotherma.com\/","og_site_name":"Ergotherma.com","article_publisher":"https:\/\/www.facebook.com\/Ergotherma\/","article_modified_time":"2021-03-07T01:42:24+00:00","og_image":[{"width":1284,"height":724,"url":"https:\/\/ergotherma.com\/wp-content\/uploads\/2016\/10\/FeelingColdFB.jpg","type":"image\/jpeg"}],"twitter_card":"summary_large_image","twitter_title":"Feeling cold at the Office ?","twitter_description":"Ergotherma:The Premiere 45-Degree Angle Infrared Desk Heater. 3-YEAR WARRANTY - 30-Day money-back guarantee & SHIPPING only 15$","twitter_image":"https:\/\/wpd.vcj.mybluehost.me\/website_77324ab6\/wp-content\/uploads\/2016\/10\/FeelingColdFB.jpg","twitter_site":"@camouflageHeat","twitter_misc":{"Dur\u00e9e de lecture estim\u00e9e":"1 minute"},"schema":{"@context":"https:\/\/schema.org","@graph":[{"@type":"WebPage","@id":"https:\/\/ergotherma.com\/","url":"https:\/\/ergotherma.com\/","name":"Under Desk Heater, 100% Silent, Safe and Energy Saver only 85Watts.","isPartOf":{"@id":"https:\/\/ergotherma.com\/#website"},"primaryImageOfPage":{"@id":"https:\/\/ergotherma.com\/#primaryimage"},"image":{"@id":"https:\/\/ergotherma.com\/#primaryimage"},"thumbnailUrl":"https:\/\/wpd.vcj.mybluehost.me\/website_77324ab6\/wp-content\/uploads\/2019\/02\/BureauHot-Mobile.jpg","datePublished":"2016-10-05T17:06:02+00:00","dateModified":"2021-03-07T01:42:24+00:00","description":"Feeling cold at the Office ? Ergotherma:The Premiere 45-Degree Angle Infrared Desk Heater. 3-YEAR WARRANTY - 30-Day money-back guarantee & SHIPPING only 15$","breadcrumb":{"@id":"https:\/\/ergotherma.com\/#breadcrumb"},"inLanguage":"fr-FR","potentialAction":[{"@type":"ReadAction","target":["https:\/\/ergotherma.com\/"]}]},{"@type":"ImageObject","inLanguage":"fr-FR","@id":"https:\/\/ergotherma.com\/#primaryimage","url":"https:\/\/wpd.vcj.mybluehost.me\/website_77324ab6\/wp-content\/uploads\/2019\/02\/BureauHot-Mobile.jpg","contentUrl":"https:\/\/wpd.vcj.mybluehost.me\/website_77324ab6\/wp-content\/uploads\/2019\/02\/BureauHot-Mobile.jpg"},{"@type":"BreadcrumbList","@id":"https:\/\/ergotherma.com\/#breadcrumb","itemListElement":[{"@type":"ListItem","position":1,"name":"Home","item":"https:\/\/ergotherma.com\/"},{"@type":"ListItem","position":2,"name":"Home"}]},{"@type":"WebSite","@id":"https:\/\/ergotherma.com\/#website","url":"https:\/\/ergotherma.com\/","name":"Ergotherma.com","description":"PERSONAL RADIANT HEATER FOR THE OFFICE","potentialAction":[{"@type":"SearchAction","target":{"@type":"EntryPoint","urlTemplate":"https:\/\/ergotherma.com\/?s={search_term_string}"},"query-input":{"@type":"PropertyValueSpecification","valueRequired":true,"valueName":"search_term_string"}}],"inLanguage":"fr-FR"}]}},"builder_content":"<h1><strong>Feeling cold at the office ?<\/strong><\/h1> <h5>Stay warm all day with Ergotherma's under desk heater<\/h5>\n<a href=\"#learnmore\" > Learn More <\/a>\n<h1><strong>Feeling cold at the office ?<\/strong><\/h1> <h5>Stay warm all day with Ergotherma's under desk heater<\/h5>\n<a href=\"#learnmore\" > Learn More <\/a>\n<h2 style=\"text-align: center;\">Stay warm without sacrificing your neighbours\u2019 comfort.<\/h2>\n<img src=\"https:\/\/www.ergotherma.com\/wp-content\/uploads\/2019\/02\/BureauHot-Mobile.jpg\" width=\"400\" height=\"380\" title=\"Home\" alt=\"Home\">\n<ul> <li> <h3> <a href=\"https:\/\/ergotherma.com\/fr\/product\/appareil-de-chauffage-personnel-de-bureau\/\" title=\"Appareil de chauffage personnel de bureau\"> Appareil de chauffage personnel de bureau <\/a> <\/h3> \n <bdi>&#36;139.99<\/bdi> <p><a href=\"?add-to-cart=6343\" aria-describedby=\"woocommerce_loop_add_to_cart_link_describedby_6343\" data-quantity=\"1\" data-product_id=\"6343\" data-product_sku=\"CAM12\" aria-label=\"Ajouter au panier\u00a0: &ldquo;Appareil de chauffage personnel de bureau&rdquo;\" rel=\"nofollow\" data-success_message=\"\u00ab\u00a0Appareil de chauffage personnel de bureau\u00a0\u00bb a \u00e9t\u00e9 ajout\u00e9 \u00e0 votre panier\">Ajouter au panier<\/a> <\/p> <\/li> <\/ul>\n<ul> <li><strong>100 % silent<\/strong>, perfect for a peaceful work environment.<\/li> <li>Uses only <strong>85W to 135W<\/strong> compared to 1500W conventional block heaters.\u00a0<\/li> <li><strong>Quick installation<\/strong> : under 5 minutes.<\/li> <li><strong>Thermal protection<\/strong> : internal auto shut off.\u00a0<\/li> <li><strong>No Fire Hazards<\/strong> : Risk free.<\/li> <li>UL (<strong>Usa and Canada<\/strong>) approved.<\/li> <li><strong>3 Year Warranty<\/strong> and <strong>30 day<\/strong>\u00a0Money Back Guarantee.<\/li> <\/ul>\n<h2 style=\"text-align: center;\"><strong>Revolutionary Heating System<\/strong><\/h2>\n\n<h1 style=\"text-align: center;\">Testimony<\/h1>\n<img src=\"https:\/\/www.ergotherma.com\/wp-content\/uploads\/2017\/09\/NathalieB2.jpg\" width=\"512\" height=\"512\" title=\"&lt;b&gt;THE BEST INVESTMENT SO FAR !&lt;\/b&gt;\" alt=\"\u201cIt\u2019s not a heater, as it doesn\u2019t heat the entire space, but it keeps my lower body and desk surface at the right temperature \u2014 nothing feels cold anymore. I strongly recommend it and can\u2019t wait to use it in the winter as well!\u201d \u2013 Nathalie B. Montreal, Canada\"> <h3> <b>THE BEST INVESTMENT SO FAR !<\/b> <\/h3> \u201cIt\u2019s not a heater, as it doesn\u2019t heat the entire space, but it keeps my lower body and desk surface at the right temperature \u2014 nothing feels cold anymore. I strongly recommend it and can\u2019t wait to use it in the winter as well!\u201d \u2013 <i>Nathalie B. Montreal, Canada<\/i>\n<h4 style=\"text-align: center;\">Get in touch with us<\/h4>","_links":{"self":[{"href":"https:\/\/ergotherma.com\/fr\/wp-json\/wp\/v2\/pages\/6376","targetHints":{"allow":["GET"]}}],"collection":[{"href":"https:\/\/ergotherma.com\/fr\/wp-json\/wp\/v2\/pages"}],"about":[{"href":"https:\/\/ergotherma.com\/fr\/wp-json\/wp\/v2\/types\/page"}],"author":[{"embeddable":true,"href":"https:\/\/ergotherma.com\/fr\/wp-json\/wp\/v2\/users\/1"}],"replies":[{"embeddable":true,"href":"https:\/\/ergotherma.com\/fr\/wp-json\/wp\/v2\/comments?post=6376"}],"version-history":[{"count":0,"href":"https:\/\/ergotherma.com\/fr\/wp-json\/wp\/v2\/pages\/6376\/revisions"}],"wp:attachment":[{"href":"https:\/\/ergotherma.com\/fr\/wp-json\/wp\/v2\/media?parent=6376"}],"curies":[{"name":"wp","href":"https:\/\/api.w.org\/{rel}","templated":true}]}}