{"id":6343,"date":"2017-09-20T01:58:54","date_gmt":"2017-09-20T01:58:54","guid":{"rendered":"http:\/\/wpd.vcj.mybluehost.me\/website_77324ab6\/product\/appareil-de-chauffage-personnel-de-bureau\/"},"modified":"2017-09-21T17:37:42","modified_gmt":"2017-09-21T17:37:42","slug":"appareil-de-chauffage-personnel-de-bureau","status":"publish","type":"product","link":"https:\/\/ergotherma.com\/fr\/product\/appareil-de-chauffage-personnel-de-bureau\/","title":{"rendered":"Appareil de chauffage personnel de bureau"},"content":{"rendered":"<p>L&#8217;appareil de chauffage individuel\u00a0de bureau Camouflage heater utilise le principe de rayonnement \u00e0 infra-rouge qui est le meilleur chauffage pour le corps humain. Il est compl\u00e8tement silencieux, ne d\u00e9place pas d&#8217;air et de poussi\u00e8res, et utilise \u00e0 peine 100 watts.<\/p>\n<p>Gr\u00e2ce \u00e0 sa surface en verre tremp\u00e9\u00a0de 6mm d&#8217;\u00e9paisseur, il offre une qualit\u00e9 de chauffage exceptionnelle.<\/p>\n<!--themify_builder_content-->\n<div id=\"themify_builder_content-6343\" data-postid=\"6343\" class=\"themify_builder_content themify_builder_content-6343 themify_builder tf_clear\">\n    <\/div>\n<!--\/themify_builder_content-->\n","protected":false},"excerpt":{"rendered":"<p>L&#8217;appareil de chauffage individuel\u00a0de bureau Camouflage heater utilise le principe de rayonnement \u00e0 infra-rouge qui est le meilleur chauffage pour le corps humain. Il est compl\u00e8tement silencieux, ne d\u00e9place pas d&#8217;air et de poussi\u00e8res, et utilise \u00e0 peine 100 watts.<\/p>\n<p>Gr\u00e2ce \u00e0 sa surface en verre tremp\u00e9\u00a0de 6mm d&#8217;\u00e9paisseur, il offre une qualit\u00e9 de chauffage exceptionnelle.<\/p>\n","protected":false},"featured_media":7025,"template":"","meta":{"_monsterinsights_skip_tracking":false,"_monsterinsights_sitenote_active":false,"_monsterinsights_sitenote_note":"","_monsterinsights_sitenote_category":0},"product_brand":[],"product_cat":[54],"product_tag":[],"class_list":{"0":"post-6343","1":"product","2":"type-product","3":"status-publish","4":"has-post-thumbnail","6":"product_cat-uncategorized","7":"has-post-title","8":"has-post-date","9":"has-post-category","10":"has-post-tag","11":"has-post-comment","12":"has-post-author","13":"","15":"first","16":"instock","17":"taxable","18":"shipping-taxable","19":"purchasable","20":"product-type-simple"},"yoast_head":"<!-- This site is optimized with the Yoast SEO plugin v26.9 - https:\/\/yoast.com\/product\/yoast-seo-wordpress\/ -->\n<title>Appareil de chauffage personnel de bureau - Ergotherma.com<\/title>\n<meta name=\"robots\" content=\"index, follow, max-snippet:-1, max-image-preview:large, max-video-preview:-1\" \/>\n<link rel=\"canonical\" href=\"https:\/\/ergotherma.com\/product\/ergotherma\/\" \/>\n<meta property=\"og:locale\" content=\"fr_FR\" \/>\n<meta property=\"og:type\" content=\"article\" \/>\n<meta property=\"og:title\" content=\"Appareil de chauffage personnel de bureau - Ergotherma.com\" \/>\n<meta property=\"og:description\" content=\"L&#039;appareil de chauffage individuel\u00a0de bureau Camouflage heater utilise le principe de rayonnement \u00e0 infra-rouge qui est le meilleur chauffage pour le corps humain. Il est compl\u00e8tement silencieux, ne d\u00e9place pas d&#039;air et de poussi\u00e8res, et utilise \u00e0 peine 100 watts.  Gr\u00e2ce \u00e0 sa surface en verre tremp\u00e9\u00a0de 6mm d&#039;\u00e9paisseur, il offre une qualit\u00e9 de chauffage exceptionnelle.\" \/>\n<meta property=\"og:url\" content=\"https:\/\/ergotherma.com\/product\/ergotherma\/\" \/>\n<meta property=\"og:site_name\" content=\"Ergotherma.com\" \/>\n<meta property=\"article:publisher\" content=\"https:\/\/www.facebook.com\/Ergotherma\/\" \/>\n<meta property=\"article:modified_time\" content=\"2017-09-21T17:37:42+00:00\" \/>\n<meta property=\"og:image\" content=\"https:\/\/ergotherma.com\/wp-content\/uploads\/2017\/09\/ProductShotBlanc450-450-2.jpg\" \/>\n\t<meta property=\"og:image:width\" content=\"450\" \/>\n\t<meta property=\"og:image:height\" content=\"450\" \/>\n\t<meta property=\"og:image:type\" content=\"image\/jpeg\" \/>\n<meta name=\"twitter:card\" content=\"summary_large_image\" \/>\n<meta name=\"twitter:site\" content=\"@camouflageHeat\" \/>\n<script type=\"application\/ld+json\" class=\"yoast-schema-graph\">{\"@context\":\"https:\/\/schema.org\",\"@graph\":[{\"@type\":\"WebPage\",\"@id\":\"https:\/\/ergotherma.com\/product\/ergotherma\/\",\"url\":\"https:\/\/ergotherma.com\/product\/ergotherma\/\",\"name\":\"Appareil de chauffage personnel de bureau - Ergotherma.com\",\"isPartOf\":{\"@id\":\"https:\/\/ergotherma.com\/#website\"},\"primaryImageOfPage\":{\"@id\":\"https:\/\/ergotherma.com\/product\/ergotherma\/#primaryimage\"},\"image\":{\"@id\":\"https:\/\/ergotherma.com\/product\/ergotherma\/#primaryimage\"},\"thumbnailUrl\":\"https:\/\/ergotherma.com\/wp-content\/uploads\/2017\/09\/ProductShotBlanc450-450-2.jpg\",\"datePublished\":\"2017-09-20T01:58:54+00:00\",\"dateModified\":\"2017-09-21T17:37:42+00:00\",\"breadcrumb\":{\"@id\":\"https:\/\/ergotherma.com\/product\/ergotherma\/#breadcrumb\"},\"inLanguage\":\"fr-FR\",\"potentialAction\":[{\"@type\":\"ReadAction\",\"target\":[\"https:\/\/ergotherma.com\/product\/ergotherma\/\"]}]},{\"@type\":\"ImageObject\",\"inLanguage\":\"fr-FR\",\"@id\":\"https:\/\/ergotherma.com\/product\/ergotherma\/#primaryimage\",\"url\":\"https:\/\/ergotherma.com\/wp-content\/uploads\/2017\/09\/ProductShotBlanc450-450-2.jpg\",\"contentUrl\":\"https:\/\/ergotherma.com\/wp-content\/uploads\/2017\/09\/ProductShotBlanc450-450-2.jpg\",\"width\":450,\"height\":450},{\"@type\":\"BreadcrumbList\",\"@id\":\"https:\/\/ergotherma.com\/product\/ergotherma\/#breadcrumb\",\"itemListElement\":[{\"@type\":\"ListItem\",\"position\":1,\"name\":\"Home\",\"item\":\"https:\/\/ergotherma.com\/\"},{\"@type\":\"ListItem\",\"position\":2,\"name\":\"Shop\",\"item\":\"https:\/\/ergotherma.com\/shop\/\"},{\"@type\":\"ListItem\",\"position\":3,\"name\":\"Appareil de chauffage personnel de bureau\"}]},{\"@type\":\"WebSite\",\"@id\":\"https:\/\/ergotherma.com\/#website\",\"url\":\"https:\/\/ergotherma.com\/\",\"name\":\"Ergotherma.com\",\"description\":\"PERSONAL RADIANT HEATER FOR THE OFFICE\",\"potentialAction\":[{\"@type\":\"SearchAction\",\"target\":{\"@type\":\"EntryPoint\",\"urlTemplate\":\"https:\/\/ergotherma.com\/?s={search_term_string}\"},\"query-input\":{\"@type\":\"PropertyValueSpecification\",\"valueRequired\":true,\"valueName\":\"search_term_string\"}}],\"inLanguage\":\"fr-FR\"}]}<\/script>\n<!-- \/ Yoast SEO plugin. -->","yoast_head_json":{"title":"Appareil de chauffage personnel de bureau - Ergotherma.com","robots":{"index":"index","follow":"follow","max-snippet":"max-snippet:-1","max-image-preview":"max-image-preview:large","max-video-preview":"max-video-preview:-1"},"canonical":"https:\/\/ergotherma.com\/product\/ergotherma\/","og_locale":"fr_FR","og_type":"article","og_title":"Appareil de chauffage personnel de bureau - Ergotherma.com","og_description":"L'appareil de chauffage individuel\u00a0de bureau Camouflage heater utilise le principe de rayonnement \u00e0 infra-rouge qui est le meilleur chauffage pour le corps humain. Il est compl\u00e8tement silencieux, ne d\u00e9place pas d'air et de poussi\u00e8res, et utilise \u00e0 peine 100 watts.  Gr\u00e2ce \u00e0 sa surface en verre tremp\u00e9\u00a0de 6mm d'\u00e9paisseur, il offre une qualit\u00e9 de chauffage exceptionnelle.","og_url":"https:\/\/ergotherma.com\/product\/ergotherma\/","og_site_name":"Ergotherma.com","article_publisher":"https:\/\/www.facebook.com\/Ergotherma\/","article_modified_time":"2017-09-21T17:37:42+00:00","og_image":[{"width":450,"height":450,"url":"https:\/\/ergotherma.com\/wp-content\/uploads\/2017\/09\/ProductShotBlanc450-450-2.jpg","type":"image\/jpeg"}],"twitter_card":"summary_large_image","twitter_site":"@camouflageHeat","schema":{"@context":"https:\/\/schema.org","@graph":[{"@type":"WebPage","@id":"https:\/\/ergotherma.com\/product\/ergotherma\/","url":"https:\/\/ergotherma.com\/product\/ergotherma\/","name":"Appareil de chauffage personnel de bureau - Ergotherma.com","isPartOf":{"@id":"https:\/\/ergotherma.com\/#website"},"primaryImageOfPage":{"@id":"https:\/\/ergotherma.com\/product\/ergotherma\/#primaryimage"},"image":{"@id":"https:\/\/ergotherma.com\/product\/ergotherma\/#primaryimage"},"thumbnailUrl":"https:\/\/ergotherma.com\/wp-content\/uploads\/2017\/09\/ProductShotBlanc450-450-2.jpg","datePublished":"2017-09-20T01:58:54+00:00","dateModified":"2017-09-21T17:37:42+00:00","breadcrumb":{"@id":"https:\/\/ergotherma.com\/product\/ergotherma\/#breadcrumb"},"inLanguage":"fr-FR","potentialAction":[{"@type":"ReadAction","target":["https:\/\/ergotherma.com\/product\/ergotherma\/"]}]},{"@type":"ImageObject","inLanguage":"fr-FR","@id":"https:\/\/ergotherma.com\/product\/ergotherma\/#primaryimage","url":"https:\/\/ergotherma.com\/wp-content\/uploads\/2017\/09\/ProductShotBlanc450-450-2.jpg","contentUrl":"https:\/\/ergotherma.com\/wp-content\/uploads\/2017\/09\/ProductShotBlanc450-450-2.jpg","width":450,"height":450},{"@type":"BreadcrumbList","@id":"https:\/\/ergotherma.com\/product\/ergotherma\/#breadcrumb","itemListElement":[{"@type":"ListItem","position":1,"name":"Home","item":"https:\/\/ergotherma.com\/"},{"@type":"ListItem","position":2,"name":"Shop","item":"https:\/\/ergotherma.com\/shop\/"},{"@type":"ListItem","position":3,"name":"Appareil de chauffage personnel de bureau"}]},{"@type":"WebSite","@id":"https:\/\/ergotherma.com\/#website","url":"https:\/\/ergotherma.com\/","name":"Ergotherma.com","description":"PERSONAL RADIANT HEATER FOR THE OFFICE","potentialAction":[{"@type":"SearchAction","target":{"@type":"EntryPoint","urlTemplate":"https:\/\/ergotherma.com\/?s={search_term_string}"},"query-input":{"@type":"PropertyValueSpecification","valueRequired":true,"valueName":"search_term_string"}}],"inLanguage":"fr-FR"}]}},"builder_content":"","_links":{"self":[{"href":"https:\/\/ergotherma.com\/fr\/wp-json\/wp\/v2\/product\/6343","targetHints":{"allow":["GET"]}}],"collection":[{"href":"https:\/\/ergotherma.com\/fr\/wp-json\/wp\/v2\/product"}],"about":[{"href":"https:\/\/ergotherma.com\/fr\/wp-json\/wp\/v2\/types\/product"}],"wp:featuredmedia":[{"embeddable":true,"href":"https:\/\/ergotherma.com\/fr\/wp-json\/wp\/v2\/media\/7025"}],"wp:attachment":[{"href":"https:\/\/ergotherma.com\/fr\/wp-json\/wp\/v2\/media?parent=6343"}],"wp:term":[{"taxonomy":"product_brand","embeddable":true,"href":"https:\/\/ergotherma.com\/fr\/wp-json\/wp\/v2\/product_brand?post=6343"},{"taxonomy":"product_cat","embeddable":true,"href":"https:\/\/ergotherma.com\/fr\/wp-json\/wp\/v2\/product_cat?post=6343"},{"taxonomy":"product_tag","embeddable":true,"href":"https:\/\/ergotherma.com\/fr\/wp-json\/wp\/v2\/product_tag?post=6343"}],"curies":[{"name":"wp","href":"https:\/\/api.w.org\/{rel}","templated":true}]}}